{"id":1629,"date":"2017-08-22T11:46:23","date_gmt":"2017-08-22T09:46:23","guid":{"rendered":"http:\/\/dev.milchwerke-oberfranken.com\/imprint\/"},"modified":"2017-08-22T11:46:27","modified_gmt":"2017-08-22T09:46:27","slug":"imprint","status":"publish","type":"page","link":"https:\/\/www.milchwerke-oberfranken.com\/en\/imprint\/","title":{"rendered":"imprint"},"content":{"rendered":"<div id='full_slider_1'  class='avia-fullwidth-slider main_color avia-shadow av-mini-hide  avia-builder-el-0  el_before_av_heading  avia-builder-el-first   container_wrap fullsize'  >\n<style type=\"text\/css\" data-created_by=\"avia_inline_auto\" id=\"style-css-av-av_slideshow_full-3432272a8aebed8621e55fae772c5e25\">\n#top #wrap_all .avia-slideshow .av-slideshow-caption.av-av_slideshow_full-3432272a8aebed8621e55fae772c5e25__0 .avia-caption-title{\nfont-size:30px;\ncolor:#cf1b15;\n}\n<\/style>\n<div  class='avia-slideshow av-av_slideshow_full-3432272a8aebed8621e55fae772c5e25 avia-slideshow-featured av_slideshow_full avia-slide-slider av-mini-hide av-slideshow-ui av-control-hidden av-no-slider-navigation av-hide-nav-arrows av-slideshow-autoplay av-loop-endless av-loop-manual-endless av-default-height-applied   avia-slideshow-1' data-slideshow-options=\"{&quot;animation&quot;:&quot;slide&quot;,&quot;autoplay&quot;:true,&quot;loop_autoplay&quot;:&quot;endless&quot;,&quot;interval&quot;:5,&quot;loop_manual&quot;:&quot;manual-endless&quot;,&quot;autoplay_stopper&quot;:false,&quot;noNavigation&quot;:true,&quot;bg_slider&quot;:false,&quot;keep_padding&quot;:false,&quot;hoverpause&quot;:false,&quot;show_slide_delay&quot;:0}\"  itemprop=\"image\" itemscope=\"itemscope\" itemtype=\"https:\/\/schema.org\/ImageObject\" ><ul class='avia-slideshow-inner ' style='padding-bottom: 28.666666666667%;'><li  class='avia-slideshow-slide av-av_slideshow_full-3432272a8aebed8621e55fae772c5e25__0  slide-1 slide-odd'><div data-rel='slideshow-1' class='avia-slide-wrap '   ><img decoding=\"async\" fetchpriority=\"high\" class=\"wp-image-1392 avia-img-lazy-loading-not-1392\"  src=\"https:\/\/www.milchwerke-oberfranken.com\/wp-content\/uploads\/2017\/06\/Bio_Butterk.jpg\" width=\"1500\" height=\"430\" title='Bio_Butterk' alt=''  itemprop=\"thumbnailUrl\" srcset=\"https:\/\/www.milchwerke-oberfranken.com\/wp-content\/uploads\/2017\/06\/Bio_Butterk.jpg 1500w, https:\/\/www.milchwerke-oberfranken.com\/wp-content\/uploads\/2017\/06\/Bio_Butterk-450x129.jpg 450w, https:\/\/www.milchwerke-oberfranken.com\/wp-content\/uploads\/2017\/06\/Bio_Butterk-300x86.jpg 300w, https:\/\/www.milchwerke-oberfranken.com\/wp-content\/uploads\/2017\/06\/Bio_Butterk-768x220.jpg 768w, https:\/\/www.milchwerke-oberfranken.com\/wp-content\/uploads\/2017\/06\/Bio_Butterk-1030x295.jpg 1030w, https:\/\/www.milchwerke-oberfranken.com\/wp-content\/uploads\/2017\/06\/Bio_Butterk-705x202.jpg 705w\" sizes=\"(max-width: 1500px) 100vw, 1500px\" \/><div class='av-section-color-overlay' style='opacity: 0.3; background-color: #000000; '><\/div><\/div><\/li><li  class='avia-slideshow-slide av-av_slideshow_full-3432272a8aebed8621e55fae772c5e25__1  slide-2 slide-even'><div data-rel='slideshow-1' class='avia-slide-wrap '   ><img decoding=\"async\" fetchpriority=\"high\" class=\"wp-image-1394 avia-img-lazy-loading-not-1394\"  src=\"https:\/\/www.milchwerke-oberfranken.com\/wp-content\/uploads\/2017\/06\/BioBauernhof_Boehner.jpg\" width=\"1500\" height=\"430\" title='BioBauernhof_Boehner' alt=''  itemprop=\"thumbnailUrl\" srcset=\"https:\/\/www.milchwerke-oberfranken.com\/wp-content\/uploads\/2017\/06\/BioBauernhof_Boehner.jpg 1500w, https:\/\/www.milchwerke-oberfranken.com\/wp-content\/uploads\/2017\/06\/BioBauernhof_Boehner-450x129.jpg 450w, https:\/\/www.milchwerke-oberfranken.com\/wp-content\/uploads\/2017\/06\/BioBauernhof_Boehner-300x86.jpg 300w, https:\/\/www.milchwerke-oberfranken.com\/wp-content\/uploads\/2017\/06\/BioBauernhof_Boehner-768x220.jpg 768w, https:\/\/www.milchwerke-oberfranken.com\/wp-content\/uploads\/2017\/06\/BioBauernhof_Boehner-1030x295.jpg 1030w, https:\/\/www.milchwerke-oberfranken.com\/wp-content\/uploads\/2017\/06\/BioBauernhof_Boehner-705x202.jpg 705w\" sizes=\"(max-width: 1500px) 100vw, 1500px\" \/><div class='av-section-color-overlay' style='opacity: 0.3; background-color: #000000; '><\/div><\/div><\/li><li  class='avia-slideshow-slide av-av_slideshow_full-3432272a8aebed8621e55fae772c5e25__2  slide-3 slide-odd'><div data-rel='slideshow-1' class='avia-slide-wrap '   ><img decoding=\"async\" fetchpriority=\"high\" class=\"wp-image-1393 avia-img-lazy-loading-not-1393\"  src=\"https:\/\/www.milchwerke-oberfranken.com\/wp-content\/uploads\/2017\/06\/weichkaese.jpg\" width=\"1500\" height=\"430\" title='weichkaese' alt=''  itemprop=\"thumbnailUrl\" srcset=\"https:\/\/www.milchwerke-oberfranken.com\/wp-content\/uploads\/2017\/06\/weichkaese.jpg 1500w, https:\/\/www.milchwerke-oberfranken.com\/wp-content\/uploads\/2017\/06\/weichkaese-450x129.jpg 450w, https:\/\/www.milchwerke-oberfranken.com\/wp-content\/uploads\/2017\/06\/weichkaese-300x86.jpg 300w, https:\/\/www.milchwerke-oberfranken.com\/wp-content\/uploads\/2017\/06\/weichkaese-768x220.jpg 768w, https:\/\/www.milchwerke-oberfranken.com\/wp-content\/uploads\/2017\/06\/weichkaese-1030x295.jpg 1030w, https:\/\/www.milchwerke-oberfranken.com\/wp-content\/uploads\/2017\/06\/weichkaese-705x202.jpg 705w\" sizes=\"(max-width: 1500px) 100vw, 1500px\" \/><div class='av-section-color-overlay' style='opacity: 0.3; background-color: #000000; '><\/div><\/div><\/li><li  class='avia-slideshow-slide av-av_slideshow_full-3432272a8aebed8621e55fae772c5e25__3  slide-4 slide-even'><div data-rel='slideshow-1' class='avia-slide-wrap '   ><img decoding=\"async\" fetchpriority=\"high\" class=\"wp-image-1361 avia-img-lazy-loading-not-1361\"  src=\"https:\/\/www.milchwerke-oberfranken.com\/wp-content\/uploads\/2017\/05\/Landkaese_020_1500x430.jpg\" width=\"1500\" height=\"430\" title='Landkaese_020_1500x430' alt=''  itemprop=\"thumbnailUrl\" srcset=\"https:\/\/www.milchwerke-oberfranken.com\/wp-content\/uploads\/2017\/05\/Landkaese_020_1500x430.jpg 1500w, https:\/\/www.milchwerke-oberfranken.com\/wp-content\/uploads\/2017\/05\/Landkaese_020_1500x430-450x129.jpg 450w, https:\/\/www.milchwerke-oberfranken.com\/wp-content\/uploads\/2017\/05\/Landkaese_020_1500x430-300x86.jpg 300w, https:\/\/www.milchwerke-oberfranken.com\/wp-content\/uploads\/2017\/05\/Landkaese_020_1500x430-768x220.jpg 768w, https:\/\/www.milchwerke-oberfranken.com\/wp-content\/uploads\/2017\/05\/Landkaese_020_1500x430-1030x295.jpg 1030w, https:\/\/www.milchwerke-oberfranken.com\/wp-content\/uploads\/2017\/05\/Landkaese_020_1500x430-705x202.jpg 705w\" sizes=\"(max-width: 1500px) 100vw, 1500px\" \/><div class='av-section-color-overlay' style='opacity: 0.3; background-color: #000000; '><\/div><\/div><\/li><li  class='avia-slideshow-slide av-av_slideshow_full-3432272a8aebed8621e55fae772c5e25__4  slide-5 slide-odd'><div data-rel='slideshow-1' class='avia-slide-wrap '   ><img decoding=\"async\" fetchpriority=\"high\" class=\"wp-image-1396 avia-img-lazy-loading-not-1396\"  src=\"https:\/\/www.milchwerke-oberfranken.com\/wp-content\/uploads\/2017\/06\/C46A2808.jpg\" width=\"1500\" height=\"430\" title='C46A2808' alt=''  itemprop=\"thumbnailUrl\" srcset=\"https:\/\/www.milchwerke-oberfranken.com\/wp-content\/uploads\/2017\/06\/C46A2808.jpg 1500w, https:\/\/www.milchwerke-oberfranken.com\/wp-content\/uploads\/2017\/06\/C46A2808-450x129.jpg 450w, https:\/\/www.milchwerke-oberfranken.com\/wp-content\/uploads\/2017\/06\/C46A2808-300x86.jpg 300w, https:\/\/www.milchwerke-oberfranken.com\/wp-content\/uploads\/2017\/06\/C46A2808-768x220.jpg 768w, https:\/\/www.milchwerke-oberfranken.com\/wp-content\/uploads\/2017\/06\/C46A2808-1030x295.jpg 1030w, https:\/\/www.milchwerke-oberfranken.com\/wp-content\/uploads\/2017\/06\/C46A2808-705x202.jpg 705w\" sizes=\"(max-width: 1500px) 100vw, 1500px\" \/><div class='av-section-color-overlay' style='opacity: 0.3; background-color: #000000; '><\/div><\/div><\/li><\/ul><div class='avia-slideshow-arrows avia-slideshow-controls' ><a href='#prev' class='prev-slide  avia-svg-icon avia-font-svg_entypo-fontello' data-av_svg_icon='left-open-big' data-av_iconset='svg_entypo-fontello' tabindex='-1' title=\"Previous\"><svg version=\"1.1\" xmlns=\"http:\/\/www.w3.org\/2000\/svg\" width=\"15\" height=\"32\" viewBox=\"0 0 15 32\" preserveAspectRatio=\"xMidYMid meet\" aria-labelledby='av-svg-title-1' aria-describedby='av-svg-desc-1' role=\"graphics-symbol\" aria-hidden=\"true\">\n<title id='av-svg-title-1'>Previous<\/title>\n<desc id='av-svg-desc-1'>Previous<\/desc>\n<path d=\"M14.464 27.84q0.832 0.832 0 1.536-0.832 0.832-1.536 0l-12.544-12.608q-0.768-0.768 0-1.6l12.544-12.608q0.704-0.832 1.536 0 0.832 0.704 0 1.536l-11.456 11.904z\"><\/path>\n<\/svg><span class='avia_hidden_link_text'>Previous<\/span><\/a><a href='#next' class='next-slide  avia-svg-icon avia-font-svg_entypo-fontello' data-av_svg_icon='right-open-big' data-av_iconset='svg_entypo-fontello' tabindex='-1' title=\"Next\"><svg version=\"1.1\" xmlns=\"http:\/\/www.w3.org\/2000\/svg\" width=\"15\" height=\"32\" viewBox=\"0 0 15 32\" preserveAspectRatio=\"xMidYMid meet\" aria-labelledby='av-svg-title-2' aria-describedby='av-svg-desc-2' role=\"graphics-symbol\" aria-hidden=\"true\">\n<title id='av-svg-title-2'>Next<\/title>\n<desc id='av-svg-desc-2'>Next<\/desc>\n<path d=\"M0.416 27.84l11.456-11.84-11.456-11.904q-0.832-0.832 0-1.536 0.832-0.832 1.536 0l12.544 12.608q0.768 0.832 0 1.6l-12.544 12.608q-0.704 0.832-1.536 0-0.832-0.704 0-1.536z\"><\/path>\n<\/svg><span class='avia_hidden_link_text'>Next<\/span><\/a><\/div><div class='av-slideshow-caption av-av_slideshow_full-3432272a8aebed8621e55fae772c5e25__0 caption_fullwidth caption_bottom'><div class=\"container caption_container\"><div class=\"slideshow_caption\"><div class=\"slideshow_inner_caption\"><div class=\"slideshow_align_caption\"><h2 class='avia-caption-title '  itemprop=\"name\" >Impressum<\/h2><\/div><\/div><\/div><\/div><\/div><\/div><\/div><div id='after_full_slider_1'  class='main_color av_default_container_wrap container_wrap fullsize'  ><div class='container av-section-cont-open' ><div class='template-page content  av-content-full alpha units'><div class='post-entry post-entry-type-page post-entry-1629'><div class='entry-content-wrapper clearfix'>\n\n<style type=\"text\/css\" data-created_by=\"avia_inline_auto\" id=\"style-css-av-av_heading-e7369ea6a8eb21a9293b002bf61e0d6e\">\n#top .av-special-heading.av-av_heading-e7369ea6a8eb21a9293b002bf61e0d6e{\npadding-bottom:10px;\ncolor:#cf1b15;\n}\nbody .av-special-heading.av-av_heading-e7369ea6a8eb21a9293b002bf61e0d6e .av-special-heading-tag .heading-char{\nfont-size:25px;\n}\n.av-special-heading.av-av_heading-e7369ea6a8eb21a9293b002bf61e0d6e .special-heading-inner-border{\nborder-color:#cf1b15;\n}\n.av-special-heading.av-av_heading-e7369ea6a8eb21a9293b002bf61e0d6e .av-subheading{\nfont-size:15px;\n}\n<\/style>\n<div  class='av-special-heading av-av_heading-e7369ea6a8eb21a9293b002bf61e0d6e av-special-heading-h3 custom-color-heading blockquote modern-quote  avia-builder-el-1  el_after_av_slideshow_full  el_before_av_textblock  avia-builder-el-first  av-desktop-hide av-medium-hide av-small-hide'><h3 class='av-special-heading-tag '  itemprop=\"headline\"  >Impressum<\/h3><div class=\"special-heading-border\"><div class=\"special-heading-inner-border\"><\/div><\/div><\/div>\n<section  class='av_textblock_section av-av_textblock-396ddf1f42196ca838231e61a4602801 '   itemscope=\"itemscope\" itemtype=\"https:\/\/schema.org\/CreativeWork\" ><div class='avia_textblock'  itemprop=\"text\" ><div id=\"c14\" class=\"csc-default\">\n<header class=\"csc-header csc-header-n1\">\n<header class=\"csc-header csc-header-n1\">\n<h3 class=\"csc-firstHeader\">Responsible for Content<\/h3>\n<\/header>\n<p><b>Milchwerke Oberfranken West eG<\/b><\/p>\n<p>Sulzdorfer Strasse 7<br \/>\n96484 Meeder<\/p>\n<p>Phone: +49 (0)9566 \/ 929 &#8211; 0<br \/>\nFax: +49 (0)9566 \/ 929 &#8211; 200<\/p>\n<p>eMail: <a href=\"mailto:info@milchwerke-oberfranken.com\">info@milchwerke-oberfranken.com<\/a><\/p>\n<p>Tax ID: 212 \/ 106 \/ 50005<br \/>\nVAT Reg: DE 132 461 308<br \/>\nRegister Court Coburg GnR 10<\/p>\n<p>Eco-c<b class=\"b1\">on<\/b><b class=\"b2\">trol-<\/b><b class=\"b3\">no.:<\/b><b class=\"b4\"> DE-<\/b><b class=\"b3\">\u00d6ko<\/b><b class=\"b2\">-001<\/b><\/p>\n<p>Chairman of the Supervisory Board: Thomas Schneider<br \/>\nResponsible for text and photos: Managing Director Ludwig Wei\u00df<\/p>\n<\/header>\n<\/div>\n<div id=\"c715\" class=\"csc-default\">\n<header class=\"csc-header csc-header-n2\">\n<h3>Haftungsausschluss (Disclaimer)<\/h3>\n<\/header>\n<p><b>Haftung f\u00fcr Inhalte<\/b><\/p>\n<p>Als Diensteanbieter sind wir gem\u00e4\u00df \u00a7 7 Abs.1 TMG f\u00fcr eigene Inhalte auf diesen Seiten nach den allgemeinen Gesetzen verantwortlich. Nach \u00a7\u00a7 8 bis 10 TMG sind wir als Diensteanbieter jedoch nicht verpflichtet, \u00fcbermittelte oder gespeicherte fremde Informationen zu \u00fcberwachen oder nach Umst\u00e4nden zu forschen, die auf eine rechtswidrige T\u00e4tigkeit hinweisen. Verpflichtungen zur Entfernung oder Sperrung der Nutzung von Informationen nach den allgemeinen Gesetzen bleiben hiervon unber\u00fchrt. Eine diesbez\u00fcgliche Haftung ist jedoch erst ab dem Zeitpunkt der Kenntnis einer konkreten Rechtsverletzung m\u00f6glich. Bei Bekanntwerden von entsprechenden Rechtsverletzungen werden wir diese Inhalte umgehend entfernen.<\/p>\n<p><b>Haftung f\u00fcr Links<\/b><\/p>\n<p>Unser Angebot enth\u00e4lt Links zu externen Webseiten Dritter, auf deren Inhalte wir keinen Einfluss haben. Deshalb k\u00f6nnen wir f\u00fcr diese fremden Inhalte auch keine Gew\u00e4hr \u00fcbernehmen. F\u00fcr die Inhalte der verlinkten Seiten ist stets der jeweilige Anbieter oder Betreiber der Seiten verantwortlich. Die verlinkten Seiten wurden zum Zeitpunkt der Verlinkung auf m\u00f6gliche Rechtsverst\u00f6\u00dfe \u00fcberpr\u00fcft. Rechtswidrige Inhalte waren zum Zeitpunkt der Verlinkung nicht erkennbar. Eine permanente inhaltliche Kontrolle der verlinkten Seiten ist jedoch ohne konkrete Anhaltspunkte einer Rechtsverletzung nicht zumutbar. Bei Bekanntwerden von Rechtsverletzungen werden wir derartige Links umgehend entfernen.<\/p>\n<p><b>Urheberrecht<\/b><\/p>\n<p>Die durch die Seitenbetreiber erstellten Inhalte und Werke auf diesen Seiten unterliegen dem deutschen Urheberrecht. Die Vervielf\u00e4ltigung, Bearbeitung, Verbreitung und jede Art der Verwertung au\u00dferhalb der Grenzen des Urheberrechtes bed\u00fcrfen der schriftlichen Zustimmung des jeweiligen Autors bzw. Erstellers. Downloads und Kopien dieser Seite sind nur f\u00fcr den privaten, nicht kommerziellen Gebrauch gestattet. Soweit die Inhalte auf dieser Seite nicht vom Betreiber erstellt wurden, werden die Urheberrechte Dritter beachtet. Insbesondere werden Inhalte Dritter als solche gekennzeichnet. Sollten Sie trotzdem auf eine Urheberrechtsverletzung aufmerksam werden, bitten wir um einen entsprechenden Hinweis. Bei Bekanntwerden von Rechtsverletzungen werden wir derartige Inhalte umgehend entfernen.<\/p>\n<\/div>\n<p>&nbsp;<\/p>\n<\/div><\/section>\n","protected":false},"excerpt":{"rendered":"","protected":false},"author":1,"featured_media":0,"parent":0,"menu_order":0,"comment_status":"closed","ping_status":"closed","template":"","meta":{"_monsterinsights_skip_tracking":false,"_monsterinsights_sitenote_active":false,"_monsterinsights_sitenote_note":"","_monsterinsights_sitenote_category":0,"_uf_show_specific_survey":0,"_uf_disable_surveys":false,"footnotes":""},"class_list":["post-1629","page","type-page","status-publish","hentry"],"aioseo_notices":[],"_links":{"self":[{"href":"https:\/\/www.milchwerke-oberfranken.com\/en\/wp-json\/wp\/v2\/pages\/1629","targetHints":{"allow":["GET"]}}],"collection":[{"href":"https:\/\/www.milchwerke-oberfranken.com\/en\/wp-json\/wp\/v2\/pages"}],"about":[{"href":"https:\/\/www.milchwerke-oberfranken.com\/en\/wp-json\/wp\/v2\/types\/page"}],"author":[{"embeddable":true,"href":"https:\/\/www.milchwerke-oberfranken.com\/en\/wp-json\/wp\/v2\/users\/1"}],"replies":[{"embeddable":true,"href":"https:\/\/www.milchwerke-oberfranken.com\/en\/wp-json\/wp\/v2\/comments?post=1629"}],"version-history":[{"count":6,"href":"https:\/\/www.milchwerke-oberfranken.com\/en\/wp-json\/wp\/v2\/pages\/1629\/revisions"}],"predecessor-version":[{"id":1635,"href":"https:\/\/www.milchwerke-oberfranken.com\/en\/wp-json\/wp\/v2\/pages\/1629\/revisions\/1635"}],"wp:attachment":[{"href":"https:\/\/www.milchwerke-oberfranken.com\/en\/wp-json\/wp\/v2\/media?parent=1629"}],"curies":[{"name":"wp","href":"https:\/\/api.w.org\/{rel}","templated":true}]}}