{"id":2056,"date":"2017-06-14T16:08:24","date_gmt":"2017-06-14T14:08:24","guid":{"rendered":"https:\/\/www.milchwerke-oberfranken.com\/produkt\/coburger-frankendammer-geraeuchert-200g\/"},"modified":"2017-08-28T10:55:21","modified_gmt":"2017-08-28T08:55:21","slug":"coburger-frankendammer-geraeuchert-200g","status":"publish","type":"product","link":"https:\/\/www.milchwerke-oberfranken.com\/en\/produkt\/coburger-frankendammer-geraeuchert-200g\/","title":{"rendered":"Coburger Frankendammer ger\u00e4uchert, 200g"},"content":{"rendered":"\n<style type=\"text\/css\" data-created_by=\"avia_inline_auto\" id=\"style-css-av-av_one_full-6126cab7d8fab8d08143dd2dacdf673c\">\n.flex_column.av-av_one_full-6126cab7d8fab8d08143dd2dacdf673c{\nborder-radius:0px 0px 0px 0px;\npadding:0px 0px 0px 0px;\n}\n<\/style>\n<div  class='flex_column av-av_one_full-6126cab7d8fab8d08143dd2dacdf673c av_one_full  avia-builder-el-0  el_before_av_one_half  avia-builder-el-first  first flex_column_div av-zero-column-padding  '     ><p>\n<style type=\"text\/css\" data-created_by=\"avia_inline_auto\" id=\"style-css-av-av_hr-4827d3998690eb631f8a9f738fdec27d\">\n#top .hr.av-av_hr-4827d3998690eb631f8a9f738fdec27d{\nmargin-top:20px;\nmargin-bottom:30px;\n}\n.hr.av-av_hr-4827d3998690eb631f8a9f738fdec27d .hr-inner{\nwidth:50px;\n}\n<\/style>\n<div  class='hr av-av_hr-4827d3998690eb631f8a9f738fdec27d hr-custom  avia-builder-el-1  el_before_av_slideshow  avia-builder-el-first  hr-center hr-icon-no'><span class='hr-inner inner-border-av-border-none'><span class=\"hr-inner-style\"><\/span><\/span><\/div><br \/>\n<div  class='avia-slideshow av-av_slideshow-4d3e6f4bd49a99f6ad73a8cdbc7e63b4 avia-slideshow-featured av_slideshow avia-slide-slider  avia-builder-el-2  el_after_av_hr  el_before_av_heading  av-slideshow-ui av-control-default av-slideshow-autoplay av-loop-endless av-loop-manual-endless av-default-height-applied avia-slideshow-1' data-slideshow-options=\"{&quot;animation&quot;:&quot;slide&quot;,&quot;autoplay&quot;:true,&quot;loop_autoplay&quot;:&quot;endless&quot;,&quot;interval&quot;:5,&quot;loop_manual&quot;:&quot;manual-endless&quot;,&quot;autoplay_stopper&quot;:false,&quot;noNavigation&quot;:false,&quot;bg_slider&quot;:false,&quot;keep_padding&quot;:false,&quot;hoverpause&quot;:false,&quot;show_slide_delay&quot;:0}\"  itemprop=\"image\" itemscope=\"itemscope\" itemtype=\"https:\/\/schema.org\/ImageObject\" ><ul class='avia-slideshow-inner ' style='padding-bottom: 40.835707502374%;'><li  class='avia-slideshow-slide av-av_slideshow-4d3e6f4bd49a99f6ad73a8cdbc7e63b4__0  av-single-slide slide-1 slide-odd'><div data-rel='slideshow-1' class='avia-slide-wrap '   ><img decoding=\"async\" fetchpriority=\"high\" class=\"wp-image-1438 avia-img-lazy-loading-not-1438\"  src=\"https:\/\/www.milchwerke-oberfranken.com\/wp-content\/uploads\/2017\/06\/FRANKENDAMER_GERAEUCHERT_218_Retusche-1053x430.jpg\" width=\"1053\" height=\"430\" title='FRANKENDAMER_GERAEUCHERT_218_Retusche' alt=''  itemprop=\"thumbnailUrl\"   \/><\/div><\/li><\/ul><\/div><br \/>\n\n<style type=\"text\/css\" data-created_by=\"avia_inline_auto\" id=\"style-css-av-av_heading-dec942c013fda89ae11af1704d0b02c4\">\n#top .av-special-heading.av-av_heading-dec942c013fda89ae11af1704d0b02c4{\npadding-bottom:10px;\n}\nbody .av-special-heading.av-av_heading-dec942c013fda89ae11af1704d0b02c4 .av-special-heading-tag .heading-char{\nfont-size:25px;\n}\n.av-special-heading.av-av_heading-dec942c013fda89ae11af1704d0b02c4 .av-subheading{\nfont-size:15px;\n}\n<\/style>\n<div  class='av-special-heading av-av_heading-dec942c013fda89ae11af1704d0b02c4 av-special-heading-h3  avia-builder-el-3  el_after_av_slideshow  avia-builder-el-last '><h3 class='av-special-heading-tag '  itemprop=\"headline\"  >Coburger Frankendammer ger\u00e4uchert 45% Fett i.Tr., 200g<\/h3><div class=\"special-heading-border\"><div class=\"special-heading-inner-border\"><\/div><\/div><\/div><\/p><\/div>\n<style type=\"text\/css\" data-created_by=\"avia_inline_auto\" id=\"style-css-av-av_one_half-6126cab7d8fab8d08143dd2dacdf673c\">\n.flex_column.av-av_one_half-6126cab7d8fab8d08143dd2dacdf673c{\nborder-radius:0px 0px 0px 0px;\npadding:0px 0px 0px 0px;\n}\n<\/style>\n<div  class='flex_column av-av_one_half-6126cab7d8fab8d08143dd2dacdf673c av_one_half  avia-builder-el-4  el_after_av_one_full  el_before_av_one_half  first flex_column_div av-zero-column-padding  column-top-margin'     ><section  class='av_textblock_section av-av_textblock-396ddf1f42196ca838231e61a4602801 '   itemscope=\"itemscope\" itemtype=\"https:\/\/schema.org\/CreativeWork\" ><div class='avia_textblock'  itemprop=\"text\" ><header class=\"csc-header csc-header-n1\">\n<h4 class=\"csc-firstHeader\">Beschreibung<\/h4>\n<\/header>\n<p>Der &#8220;Coburger Frankendammer ger\u00e4uchert&#8221; ist ein mild und nussiger Schnittk\u00e4se mit Lochbildung, hergestellt aus Milch ohne Gentechnik. Durch die R\u00e4ucherung mit Buchenholz erh\u00e4lt er seinen feinen rauchigen Geschmack.<\/p>\n<p>Frisch vom Laib aufgeschnitten in der praktischen wiederverschlie\u00dfbaren Verpackung.<\/p>\n<p>Durch die nat\u00fcrliche Reifung laktosefrei.<\/p>\n<p>&nbsp;<\/p>\n<\/div><\/section><br \/>\n<div  class='hr av-av_hr-dcd2069817a0e3d34ae04cad8f3443c7 hr-default  avia-builder-el-6  el_after_av_textblock  el_before_av_image '><span class='hr-inner '><span class=\"hr-inner-style\"><\/span><\/span><\/div><br \/>\n\n<style type=\"text\/css\" data-created_by=\"avia_inline_auto\" id=\"style-css-av-av_image-0b3e67b8551b37688f9016e72ffcb897\">\n.avia-image-container.av-av_image-0b3e67b8551b37688f9016e72ffcb897 img.avia_image{\nbox-shadow:none;\n}\n.avia-image-container.av-av_image-0b3e67b8551b37688f9016e72ffcb897 .av-image-caption-overlay-center{\ncolor:#ffffff;\n}\n<\/style>\n<div  class='avia-image-container av-av_image-0b3e67b8551b37688f9016e72ffcb897 av-styling- av-hover-grow av-img-linked avia_animated_image av-animated-when-visible-95 fade-in avia-align-center  avia-builder-el-7  el_after_av_hr  avia-builder-el-last '   itemprop=\"image\" itemscope=\"itemscope\" itemtype=\"https:\/\/schema.org\/ImageObject\" ><div class=\"avia-image-container-inner\"><div class=\"avia-image-overlay-wrap\"><a href=\"https:\/\/www.milchwerke-oberfranken.com\/wp-content\/uploads\/2017\/06\/FRANKENDAMER_GERAEUCHERT_218_Retusche-1030x687.jpg\" data-srcset=\"https:\/\/www.milchwerke-oberfranken.com\/wp-content\/uploads\/2017\/06\/FRANKENDAMER_GERAEUCHERT_218_Retusche-1030x687.jpg 1030w, https:\/\/www.milchwerke-oberfranken.com\/wp-content\/uploads\/2017\/06\/FRANKENDAMER_GERAEUCHERT_218_Retusche-450x300.jpg 450w, https:\/\/www.milchwerke-oberfranken.com\/wp-content\/uploads\/2017\/06\/FRANKENDAMER_GERAEUCHERT_218_Retusche-300x200.jpg 300w, https:\/\/www.milchwerke-oberfranken.com\/wp-content\/uploads\/2017\/06\/FRANKENDAMER_GERAEUCHERT_218_Retusche-768x512.jpg 768w, https:\/\/www.milchwerke-oberfranken.com\/wp-content\/uploads\/2017\/06\/FRANKENDAMER_GERAEUCHERT_218_Retusche-705x470.jpg 705w, https:\/\/www.milchwerke-oberfranken.com\/wp-content\/uploads\/2017\/06\/FRANKENDAMER_GERAEUCHERT_218_Retusche.jpg 1053w\" data-sizes=\"(max-width: 1030px) 100vw, 1030px\" class='avia_image '  aria-label='FRANKENDAMER_GERAEUCHERT_218_Retusche'><img decoding=\"async\" fetchpriority=\"high\" class='wp-image-1438 avia-img-lazy-loading-not-1438 avia_image ' src=\"https:\/\/www.milchwerke-oberfranken.com\/wp-content\/uploads\/2017\/06\/FRANKENDAMER_GERAEUCHERT_218_Retusche-300x200.jpg\" alt='' title='FRANKENDAMER_GERAEUCHERT_218_Retusche'  height=\"200\" width=\"300\"  itemprop=\"thumbnailUrl\" srcset=\"https:\/\/www.milchwerke-oberfranken.com\/wp-content\/uploads\/2017\/06\/FRANKENDAMER_GERAEUCHERT_218_Retusche-300x200.jpg 300w, https:\/\/www.milchwerke-oberfranken.com\/wp-content\/uploads\/2017\/06\/FRANKENDAMER_GERAEUCHERT_218_Retusche-450x300.jpg 450w, https:\/\/www.milchwerke-oberfranken.com\/wp-content\/uploads\/2017\/06\/FRANKENDAMER_GERAEUCHERT_218_Retusche-768x512.jpg 768w, https:\/\/www.milchwerke-oberfranken.com\/wp-content\/uploads\/2017\/06\/FRANKENDAMER_GERAEUCHERT_218_Retusche-1030x687.jpg 1030w, https:\/\/www.milchwerke-oberfranken.com\/wp-content\/uploads\/2017\/06\/FRANKENDAMER_GERAEUCHERT_218_Retusche-705x470.jpg 705w, https:\/\/www.milchwerke-oberfranken.com\/wp-content\/uploads\/2017\/06\/FRANKENDAMER_GERAEUCHERT_218_Retusche.jpg 1053w\" sizes=\"(max-width: 300px) 100vw, 300px\" \/><\/a><\/div><\/div><\/div><\/p><\/div><\/p>\n\n<style type=\"text\/css\" data-created_by=\"avia_inline_auto\" id=\"style-css-av-av_one_half-0aa7055fe62c3622faec82866afbaeb2\">\n.flex_column.av-av_one_half-0aa7055fe62c3622faec82866afbaeb2{\nborder-radius:0px 0px 0px 0px;\npadding:0px 0px 0px 0px;\n}\n<\/style>\n<div  class='flex_column av-av_one_half-0aa7055fe62c3622faec82866afbaeb2 av_one_half  avia-builder-el-8  el_after_av_one_half  el_before_av_one_full  flex_column_div av-zero-column-padding  column-top-margin'     ><div class='av-woo-product-info av-av_product_info-3cd9da5fea0ef5fb27aee617571c39a3  avia-builder-el-9  avia-builder-el-no-sibling '><table class=\"woocommerce-product-attributes shop_attributes\" aria-label=\"Product Details\">\n\t\t\t<tr class=\"woocommerce-product-attributes-item woocommerce-product-attributes-item--weight\">\n\t\t\t<th class=\"woocommerce-product-attributes-item__label\" scope=\"row\">Weight<\/th>\n\t\t\t<td class=\"woocommerce-product-attributes-item__value\">0,200 kg<\/td>\n\t\t<\/tr>\n\t\t\t<tr class=\"woocommerce-product-attributes-item woocommerce-product-attributes-item--attribute_%c3%a4u%c3%9feres\">\n\t\t\t<th class=\"woocommerce-product-attributes-item__label\" scope=\"row\">\u00c4u\u00dferes<\/th>\n\t\t\t<td class=\"woocommerce-product-attributes-item__value\"><p>ger\u00e4ucherte Randfl\u00e4che, die teilweise gelocht sein kann<\/p>\n<\/td>\n\t\t<\/tr>\n\t\t\t<tr class=\"woocommerce-product-attributes-item woocommerce-product-attributes-item--attribute_inneres\">\n\t\t\t<th class=\"woocommerce-product-attributes-item__label\" scope=\"row\">Inneres<\/th>\n\t\t\t<td class=\"woocommerce-product-attributes-item__value\"><p>mattgelb, zahlreiche unregelm\u00e4\u00dfige Lochung bis Kirschkerngr\u00f6\u00dfe<\/p>\n<\/td>\n\t\t<\/tr>\n\t\t\t<tr class=\"woocommerce-product-attributes-item woocommerce-product-attributes-item--attribute_konsistenz\">\n\t\t\t<th class=\"woocommerce-product-attributes-item__label\" scope=\"row\">Konsistenz<\/th>\n\t\t\t<td class=\"woocommerce-product-attributes-item__value\"><p>geschmeidiger und elastischer Teig, schnittfest<\/p>\n<\/td>\n\t\t<\/tr>\n\t\t\t<tr class=\"woocommerce-product-attributes-item woocommerce-product-attributes-item--attribute_geruch\">\n\t\t\t<th class=\"woocommerce-product-attributes-item__label\" scope=\"row\">Geruch<\/th>\n\t\t\t<td class=\"woocommerce-product-attributes-item__value\"><p>mildaromatisch, nusskernartig, rauchig<\/p>\n<\/td>\n\t\t<\/tr>\n\t\t\t<tr class=\"woocommerce-product-attributes-item woocommerce-product-attributes-item--attribute_geschmack\">\n\t\t\t<th class=\"woocommerce-product-attributes-item__label\" scope=\"row\">Geschmack<\/th>\n\t\t\t<td class=\"woocommerce-product-attributes-item__value\"><p>mildaromatisch, nusskernartig, rauchig<\/p>\n<\/td>\n\t\t<\/tr>\n\t\t\t<tr class=\"woocommerce-product-attributes-item woocommerce-product-attributes-item--attribute_n%c3%a4hrwertangaben-durchschnittlich-pro-100-g\">\n\t\t\t<th class=\"woocommerce-product-attributes-item__label\" scope=\"row\">N\u00e4hrwertangaben durchschnittlich pro 100 g<\/th>\n\t\t\t<td class=\"woocommerce-product-attributes-item__value\"><p>Brennwert 1411 kJ \/ 340 kcalFett 26,1 g- davon ges\u00e4ttigte Fetts\u00e4uren 18,0 gKohlenhydrate 0,2 g- davon Zucker 0,1 gEiwei\u00df 26,0 gSalz 1,0 g<\/p>\n<\/td>\n\t\t<\/tr>\n\t\t\t<tr class=\"woocommerce-product-attributes-item woocommerce-product-attributes-item--attribute_zutaten\">\n\t\t\t<th class=\"woocommerce-product-attributes-item__label\" scope=\"row\">Zutaten<\/th>\n\t\t\t<td class=\"woocommerce-product-attributes-item__value\"><p>pasteurisierte Kuhmilch, Salz, K\u00e4sereikulturen, mikrobielles Lab, Rauch<\/p>\n<\/td>\n\t\t<\/tr>\n\t\t\t<tr class=\"woocommerce-product-attributes-item woocommerce-product-attributes-item--attribute_allergene\">\n\t\t\t<th class=\"woocommerce-product-attributes-item__label\" scope=\"row\">Allergene<\/th>\n\t\t\t<td class=\"woocommerce-product-attributes-item__value\"><p>Kuhmilch<\/p>\n<\/td>\n\t\t<\/tr>\n\t\t\t<tr class=\"woocommerce-product-attributes-item woocommerce-product-attributes-item--attribute_pa_kaeseart\">\n\t\t\t<th class=\"woocommerce-product-attributes-item__label\" scope=\"row\">Cheese type<\/th>\n\t\t\t<td class=\"woocommerce-product-attributes-item__value\"><p>slicing cheese<\/p>\n<\/td>\n\t\t<\/tr>\n\t<\/table>\n<\/div><\/div>\n\n<style type=\"text\/css\" data-created_by=\"avia_inline_auto\" id=\"style-css-av-av_one_full-6126cab7d8fab8d08143dd2dacdf673c\">\n.flex_column.av-av_one_full-6126cab7d8fab8d08143dd2dacdf673c{\nborder-radius:0px 0px 0px 0px;\npadding:0px 0px 0px 0px;\n}\n<\/style>\n<div  class='flex_column av-av_one_full-6126cab7d8fab8d08143dd2dacdf673c av_one_full  avia-builder-el-10  el_after_av_one_half  avia-builder-el-last  first flex_column_div av-zero-column-padding  column-top-margin'     ><p>\n<style type=\"text\/css\" data-created_by=\"avia_inline_auto\" id=\"style-css-av-av_heading-19fe964bc32ef6ebdc26e016c774b3d8\">\n#top .av-special-heading.av-av_heading-19fe964bc32ef6ebdc26e016c774b3d8{\npadding-bottom:10px;\n}\nbody .av-special-heading.av-av_heading-19fe964bc32ef6ebdc26e016c774b3d8 .av-special-heading-tag .heading-char{\nfont-size:25px;\n}\n.av-special-heading.av-av_heading-19fe964bc32ef6ebdc26e016c774b3d8 .av-subheading{\nfont-size:15px;\n}\n<\/style>\n<div  class='av-special-heading av-av_heading-19fe964bc32ef6ebdc26e016c774b3d8 av-special-heading-h4  avia-builder-el-11  el_before_av_masonry_entries  avia-builder-el-no-sibling '><h4 class='av-special-heading-tag '  itemprop=\"headline\"  >\u00c4hnliche Produkte<\/h4><div class=\"special-heading-border\"><div class=\"special-heading-inner-border\"><\/div><\/div><\/div><br \/>\n<div id='av-masonry-1' class='av-masonry av-av_masonry_entries-de0036c142ebde8384e0d18f9161c3fe noHover av-fixed-size av-1px-gap av-hover-overlay-active av-masonry-animation-active av-masonry-col-flexible av-caption-always av-caption-style- av-masonry-entries ' data-post_id=\"2056\"><div class=\"av-masonry-container isotope av-js-disabled\"><div class='av-masonry-entry isotope-item av-masonry-item-no-image all_sort cheese-for-slicing_sort  organic-products_sort '><\/div><a href=\"https:\/\/www.milchwerke-oberfranken.com\/en\/produkt\/coburger-frankendammer-200g\/\"  id='av-masonry-1-item-2057' data-av-masonry-item='2057' class='av-masonry-entry isotope-item post-2057 product type-product status-publish has-post-thumbnail product_cat-cheese-for-slicing first instock taxable shipping-taxable product-type-simple all_sort cheese-for-slicing_sort  av-masonry-item-with-image av-grid-img' title=\"FRANKENDAMER_NUSSIG_217\"   itemscope=\"itemscope\" itemtype=\"https:\/\/schema.org\/CreativeWork\" ><div class='av-inner-masonry-sizer'><\/div><figure class='av-inner-masonry main_color'><div class=\"av-masonry-outerimage-container\"><div class='av-masonry-image-container' style=\"background-image: url(https:\/\/www.milchwerke-oberfranken.com\/wp-content\/uploads\/2017\/06\/FRANKENDAMER_NUSSIG_217-705x491.jpg);\"  title=\"FRANKENDAMER_NUSSIG_217\" ><\/div><\/div><figcaption class='av-inner-masonry-content site-background'><div class='av-inner-masonry-content-pos'><div class='av-inner-masonry-content-pos-content'><div class='avia-arrow'><\/div><h3 class='av-masonry-entry-title entry-title '  itemprop=\"headline\" >Coburger Frankendammer, 200g<\/h3><span class=\"av-masonry-price price\"><\/span><\/div><\/div><\/figcaption><\/figure><\/a><!--end av-masonry entry--><a href=\"https:\/\/www.milchwerke-oberfranken.com\/en\/produkt\/coburger-frankendammer-geraeuchert-200g\/\"  id='av-masonry-1-item-2056' data-av-masonry-item='2056' class='av-masonry-entry isotope-item post-2056 product type-product status-publish has-post-thumbnail product_cat-cheese-for-slicing  instock taxable shipping-taxable product-type-simple all_sort cheese-for-slicing_sort  av-masonry-item-with-image av-grid-img' title=\"FRANKENDAMER_GERAEUCHERT_218_Retusche\"   itemscope=\"itemscope\" itemtype=\"https:\/\/schema.org\/CreativeWork\" ><div class='av-inner-masonry-sizer'><\/div><figure class='av-inner-masonry main_color'><div class=\"av-masonry-outerimage-container\"><div class='av-masonry-image-container' style=\"background-image: url(https:\/\/www.milchwerke-oberfranken.com\/wp-content\/uploads\/2017\/06\/FRANKENDAMER_GERAEUCHERT_218_Retusche-705x470.jpg);\"  title=\"FRANKENDAMER_GERAEUCHERT_218_Retusche\" ><\/div><\/div><figcaption class='av-inner-masonry-content site-background'><div class='av-inner-masonry-content-pos'><div class='av-inner-masonry-content-pos-content'><div class='avia-arrow'><\/div><h3 class='av-masonry-entry-title entry-title '  itemprop=\"headline\" >Coburger Frankendammer ger\u00e4uchert, 200g<\/h3><span class=\"av-masonry-price price\"><\/span><\/div><\/div><\/figcaption><\/figure><\/a><!--end av-masonry entry--><a href=\"https:\/\/www.milchwerke-oberfranken.com\/en\/produkt\/coburger-bio-frankendammer-200g\/\"  id='av-masonry-1-item-2061' data-av-masonry-item='2061' class='av-masonry-entry isotope-item post-2061 product type-product status-publish has-post-thumbnail product_cat-organic-products product_cat-cheese-for-slicing last instock taxable shipping-taxable product-type-simple all_sort organic-products_sort  cheese-for-slicing_sort  av-masonry-item-with-image av-grid-img' title=\"BIO_FRANKENDAMER_NUSSIG_19_199_Retusche\"   itemscope=\"itemscope\" itemtype=\"https:\/\/schema.org\/CreativeWork\" ><div class='av-inner-masonry-sizer'><\/div><figure class='av-inner-masonry main_color'><div class=\"av-masonry-outerimage-container\"><div class='av-masonry-image-container' style=\"background-image: url(https:\/\/www.milchwerke-oberfranken.com\/wp-content\/uploads\/2017\/06\/BIO_FRANKENDAMER_NUSSIG_19_199_Retusche-705x472.jpg);\"  title=\"BIO_FRANKENDAMER_NUSSIG_19_199_Retusche\" ><\/div><\/div><figcaption class='av-inner-masonry-content site-background'><div class='av-inner-masonry-content-pos'><div class='av-inner-masonry-content-pos-content'><div class='avia-arrow'><\/div><h3 class='av-masonry-entry-title entry-title '  itemprop=\"headline\" >Coburger organic Frankendammer 200g<\/h3><span class=\"av-masonry-price price\"><\/span><\/div><\/div><\/figcaption><\/figure><\/a><!--end av-masonry entry--><a href=\"https:\/\/www.milchwerke-oberfranken.com\/en\/produkt\/coburger-bio-frankendammer-geraeuchert-200g\/\"  id='av-masonry-1-item-2060' data-av-masonry-item='2060' class='av-masonry-entry isotope-item post-2060 product type-product status-publish has-post-thumbnail product_cat-organic-products product_cat-cheese-for-slicing first instock taxable shipping-taxable product-type-simple all_sort organic-products_sort  cheese-for-slicing_sort  av-masonry-item-with-image av-grid-img' title=\"BIO_FRANKENDAMER_GERAEUCHERT_210\"   itemscope=\"itemscope\" itemtype=\"https:\/\/schema.org\/CreativeWork\" ><div class='av-inner-masonry-sizer'><\/div><figure class='av-inner-masonry main_color'><div class=\"av-masonry-outerimage-container\"><div class='av-masonry-image-container' style=\"background-image: url(https:\/\/www.milchwerke-oberfranken.com\/wp-content\/uploads\/2017\/06\/BIO_FRANKENDAMER_GERAEUCHERT_210-705x483.jpg);\"  title=\"BIO_FRANKENDAMER_GERAEUCHERT_210\" ><\/div><\/div><figcaption class='av-inner-masonry-content site-background'><div class='av-inner-masonry-content-pos'><div class='av-inner-masonry-content-pos-content'><div class='avia-arrow'><\/div><h3 class='av-masonry-entry-title entry-title '  itemprop=\"headline\" >Coburger organic Frankendammer smoked 200g<\/h3><span class=\"av-masonry-price price\"><\/span><\/div><\/div><\/figcaption><\/figure><\/a><!--end av-masonry entry--><a href=\"https:\/\/www.milchwerke-oberfranken.com\/en\/produkt\/coburger-frankendammer-natur-45-fett-i-tr-250-g\/\"  id='av-masonry-1-item-2001' data-av-masonry-item='2001' class='av-masonry-entry isotope-item post-2001 product type-product status-publish has-post-thumbnail product_cat-cheese-for-slicing  instock taxable shipping-taxable product-type-simple all_sort cheese-for-slicing_sort  av-masonry-item-with-image av-grid-img' title=\"FRANKENDAMER_NUSSIG_BLOCK_222_Retusche\"   itemscope=\"itemscope\" itemtype=\"https:\/\/schema.org\/CreativeWork\" ><div class='av-inner-masonry-sizer'><\/div><figure class='av-inner-masonry main_color'><div class=\"av-masonry-outerimage-container\"><div class='av-masonry-image-container' style=\"background-image: url(https:\/\/www.milchwerke-oberfranken.com\/wp-content\/uploads\/2017\/06\/FRANKENDAMER_NUSSIG_BLOCK_222_Retusche-705x599.jpg);\"  title=\"FRANKENDAMER_NUSSIG_BLOCK_222_Retusche\" ><\/div><\/div><figcaption class='av-inner-masonry-content site-background'><div class='av-inner-masonry-content-pos'><div class='av-inner-masonry-content-pos-content'><div class='avia-arrow'><\/div><h3 class='av-masonry-entry-title entry-title '  itemprop=\"headline\" >Coburger Frankendammer nature, 45% fat i.d.m. approx. 2,5Kg<\/h3><span class=\"av-masonry-price price\"><\/span><\/div><\/div><\/figcaption><\/figure><\/a><!--end av-masonry entry--><a href=\"https:\/\/www.milchwerke-oberfranken.com\/en\/produkt\/coburger-frankendammer-smoked-45-fat-i-d-m-ca-25-kg\/\"  id='av-masonry-1-item-1673' data-av-masonry-item='1673' class='av-masonry-entry isotope-item post-1673 product type-product status-publish has-post-thumbnail product_cat-cheese-for-slicing last instock taxable shipping-taxable product-type-simple all_sort cheese-for-slicing_sort  av-masonry-item-with-image av-grid-img' title=\"FRANKENDAMER_GERAEUCHERT_BLOCK_227_Retusche\"   itemscope=\"itemscope\" itemtype=\"https:\/\/schema.org\/CreativeWork\" ><div class='av-inner-masonry-sizer'><\/div><figure class='av-inner-masonry main_color'><div class=\"av-masonry-outerimage-container\"><div class='av-masonry-image-container' style=\"background-image: url(https:\/\/www.milchwerke-oberfranken.com\/wp-content\/uploads\/2017\/08\/FRANKENDAMER_GERAEUCHERT_BLOCK_227_Retusche-705x584.jpg);\"  title=\"FRANKENDAMER_GERAEUCHERT_BLOCK_227_Retusche\" ><\/div><\/div><figcaption class='av-inner-masonry-content site-background'><div class='av-inner-masonry-content-pos'><div class='av-inner-masonry-content-pos-content'><div class='avia-arrow'><\/div><h3 class='av-masonry-entry-title entry-title '  itemprop=\"headline\" >Coburger Frankendammer smoked, 45% fat i.d.m. approx. 2,4Kg<\/h3><span class=\"av-masonry-price price\"><\/span><\/div><\/div><\/figcaption><\/figure><\/a><!--end av-masonry entry--><a href=\"https:\/\/www.milchwerke-oberfranken.com\/en\/produkt\/coburger-bio-frankendammer-45-fett-i-tr-ca-13-kg\/\"  id='av-masonry-1-item-2040' data-av-masonry-item='2040' class='av-masonry-entry isotope-item post-2040 product type-product status-publish has-post-thumbnail product_cat-organic-products product_cat-cheese-for-slicing first instock taxable shipping-taxable product-type-simple all_sort organic-products_sort  cheese-for-slicing_sort  av-masonry-item-with-image av-grid-img' title=\"BIO_FRANKENDAMER_BLOCK_255_Retusche\"   itemscope=\"itemscope\" itemtype=\"https:\/\/schema.org\/CreativeWork\" ><div class='av-inner-masonry-sizer'><\/div><figure class='av-inner-masonry main_color'><div class=\"av-masonry-outerimage-container\"><div class='av-masonry-image-container' style=\"background-image: url(https:\/\/www.milchwerke-oberfranken.com\/wp-content\/uploads\/2017\/06\/BIO_FRANKENDAMER_BLOCK_255_Retusche-683x705.jpg);\"  title=\"BIO_FRANKENDAMER_BLOCK_255_Retusche\" ><\/div><\/div><figcaption class='av-inner-masonry-content site-background'><div class='av-inner-masonry-content-pos'><div class='av-inner-masonry-content-pos-content'><div class='avia-arrow'><\/div><h3 class='av-masonry-entry-title entry-title '  itemprop=\"headline\" >Coburger Bio Frankendammer approx. 1,3kg<\/h3><span class=\"av-masonry-price price\"><\/span><\/div><\/div><\/figcaption><\/figure><\/a><!--end av-masonry entry--><\/div><\/div><\/p><\/div>\n","protected":false},"excerpt":{"rendered":"","protected":false},"featured_media":1438,"comment_status":"closed","ping_status":"closed","template":"","meta":{"_monsterinsights_skip_tracking":false,"_monsterinsights_sitenote_active":false,"_monsterinsights_sitenote_note":"","_monsterinsights_sitenote_category":0,"_uf_show_specific_survey":0,"_uf_disable_surveys":false},"product_brand":[],"product_cat":[59],"product_tag":[],"class_list":{"0":"post-2056","1":"product","2":"type-product","3":"status-publish","4":"has-post-thumbnail","6":"product_cat-cheese-for-slicing","8":"","9":"instock","10":"taxable","11":"shipping-taxable","12":"product-type-simple"},"aioseo_notices":[],"_links":{"self":[{"href":"https:\/\/www.milchwerke-oberfranken.com\/en\/wp-json\/wp\/v2\/product\/2056","targetHints":{"allow":["GET"]}}],"collection":[{"href":"https:\/\/www.milchwerke-oberfranken.com\/en\/wp-json\/wp\/v2\/product"}],"about":[{"href":"https:\/\/www.milchwerke-oberfranken.com\/en\/wp-json\/wp\/v2\/types\/product"}],"replies":[{"embeddable":true,"href":"https:\/\/www.milchwerke-oberfranken.com\/en\/wp-json\/wp\/v2\/comments?post=2056"}],"wp:featuredmedia":[{"embeddable":true,"href":"https:\/\/www.milchwerke-oberfranken.com\/en\/wp-json\/wp\/v2\/media\/1438"}],"wp:attachment":[{"href":"https:\/\/www.milchwerke-oberfranken.com\/en\/wp-json\/wp\/v2\/media?parent=2056"}],"wp:term":[{"taxonomy":"product_brand","embeddable":true,"href":"https:\/\/www.milchwerke-oberfranken.com\/en\/wp-json\/wp\/v2\/product_brand?post=2056"},{"taxonomy":"product_cat","embeddable":true,"href":"https:\/\/www.milchwerke-oberfranken.com\/en\/wp-json\/wp\/v2\/product_cat?post=2056"},{"taxonomy":"product_tag","embeddable":true,"href":"https:\/\/www.milchwerke-oberfranken.com\/en\/wp-json\/wp\/v2\/product_tag?post=2056"}],"curies":[{"name":"wp","href":"https:\/\/api.w.org\/{rel}","templated":true}]}}